{"id":172,"date":"2023-03-02T19:34:24","date_gmt":"2023-03-02T19:34:24","guid":{"rendered":"https:\/\/loudandclear.byspotify.com\/es-LA\/?page_id=172"},"modified":"2026-04-07T21:38:29","modified_gmt":"2026-04-07T21:38:29","slug":"faq","status":"publish","type":"page","link":"https:\/\/loudandclear.byspotify.com\/es-LA\/faq\/","title":{"rendered":"Las respuestas a tus preguntas"},"content":{"rendered":"<p>Sabemos que tienes muchas preguntas sobre la econom\u00eda del streaming musical y queremos asegurarnos de responderlas. A continuaci\u00f3n, incluimos las preguntas m\u00e1s frecuentes que nos hacen los artistas, y seguiremos agregando m\u00e1s a medida que surjan.<\/p>\n","protected":false},"excerpt":{"rendered":"<p>Sabemos que tienes muchas preguntas sobre la econom\u00eda del streaming musical y queremos asegurarnos de responderlas. A continuaci\u00f3n, incluimos las preguntas m\u00e1s frecuentes que nos hacen los artistas, y seguiremos agregando m\u00e1s a medida que surjan.<\/p>\n","protected":false},"author":1,"featured_media":0,"parent":0,"menu_order":0,"comment_status":"closed","ping_status":"closed","template":"template-faqs.php","meta":{"_acf_changed":false,"footnotes":""},"acf":[],"yoast_head":"<!-- This site is optimized with the Yoast SEO plugin v22.5 - https:\/\/yoast.com\/wordpress\/plugins\/seo\/ -->\n<title>Las respuestas a tus preguntas - Loud and Clear Spanish<\/title>\n<meta name=\"robots\" content=\"index, follow, max-snippet:-1, max-image-preview:large, max-video-preview:-1\" \/>\n<link rel=\"canonical\" href=\"https:\/\/loudandclear.byspotify.com\/es-LA\/faq\/\" \/>\n<meta property=\"og:locale\" content=\"es_LA\" \/>\n<meta property=\"og:type\" content=\"article\" \/>\n<meta property=\"og:title\" content=\"Las respuestas a tus preguntas - Loud and Clear Spanish\" \/>\n<meta property=\"og:description\" content=\"Sabemos que tienes muchas preguntas sobre la econom\u00eda del streaming musical y queremos asegurarnos de responderlas. A continuaci\u00f3n, incluimos las preguntas m\u00e1s frecuentes que nos hacen los artistas, y seguiremos agregando m\u00e1s a medida que surjan.\" \/>\n<meta property=\"og:url\" content=\"https:\/\/loudandclear.byspotify.com\/es-LA\/faq\/\" \/>\n<meta property=\"og:site_name\" content=\"Loud and Clear Spanish\" \/>\n<meta property=\"article:modified_time\" content=\"2026-04-07T21:38:29+00:00\" \/>\n<meta name=\"twitter:card\" content=\"summary_large_image\" \/>\n<meta name=\"twitter:label1\" content=\"Est. reading time\" \/>\n\t<meta name=\"twitter:data1\" content=\"1 minute\" \/>\n<script type=\"application\/ld+json\" class=\"yoast-schema-graph\">{\"@context\":\"https:\/\/schema.org\",\"@graph\":[{\"@type\":\"WebPage\",\"@id\":\"https:\/\/loudandclear.byspotify.com\/es-LA\/faq\/\",\"url\":\"https:\/\/loudandclear.byspotify.com\/es-LA\/faq\/\",\"name\":\"Las respuestas a tus preguntas - Loud and Clear Spanish\",\"isPartOf\":{\"@id\":\"https:\/\/loudandclear.byspotify.com\/es-LA\/#website\"},\"datePublished\":\"2023-03-02T19:34:24+00:00\",\"dateModified\":\"2026-04-07T21:38:29+00:00\",\"inLanguage\":\"es-LA\",\"potentialAction\":[{\"@type\":\"ReadAction\",\"target\":[\"https:\/\/loudandclear.byspotify.com\/es-LA\/faq\/\"]}]},{\"@type\":\"WebSite\",\"@id\":\"https:\/\/loudandclear.byspotify.com\/es-LA\/#website\",\"url\":\"https:\/\/loudandclear.byspotify.com\/es-LA\/\",\"name\":\"Loud and Clear Spanish\",\"description\":\"Just another Loud and Clear Sites site\",\"potentialAction\":[{\"@type\":\"SearchAction\",\"target\":{\"@type\":\"EntryPoint\",\"urlTemplate\":\"https:\/\/loudandclear.byspotify.com\/es-LA\/?s={search_term_string}\"},\"query-input\":\"required name=search_term_string\"}],\"inLanguage\":\"es-LA\"}]}<\/script>\n<!-- \/ Yoast SEO plugin. -->","yoast_head_json":{"title":"Las respuestas a tus preguntas - Loud and Clear Spanish","robots":{"index":"index","follow":"follow","max-snippet":"max-snippet:-1","max-image-preview":"max-image-preview:large","max-video-preview":"max-video-preview:-1"},"canonical":"https:\/\/loudandclear.byspotify.com\/es-LA\/faq\/","og_locale":"es_LA","og_type":"article","og_title":"Las respuestas a tus preguntas - Loud and Clear Spanish","og_description":"Sabemos que tienes muchas preguntas sobre la econom\u00eda del streaming musical y queremos asegurarnos de responderlas. A continuaci\u00f3n, incluimos las preguntas m\u00e1s frecuentes que nos hacen los artistas, y seguiremos agregando m\u00e1s a medida que surjan.","og_url":"https:\/\/loudandclear.byspotify.com\/es-LA\/faq\/","og_site_name":"Loud and Clear Spanish","article_modified_time":"2026-04-07T21:38:29+00:00","twitter_card":"summary_large_image","twitter_misc":{"Est. reading time":"1 minute"},"schema":{"@context":"https:\/\/schema.org","@graph":[{"@type":"WebPage","@id":"https:\/\/loudandclear.byspotify.com\/es-LA\/faq\/","url":"https:\/\/loudandclear.byspotify.com\/es-LA\/faq\/","name":"Las respuestas a tus preguntas - Loud and Clear Spanish","isPartOf":{"@id":"https:\/\/loudandclear.byspotify.com\/es-LA\/#website"},"datePublished":"2023-03-02T19:34:24+00:00","dateModified":"2026-04-07T21:38:29+00:00","inLanguage":"es-LA","potentialAction":[{"@type":"ReadAction","target":["https:\/\/loudandclear.byspotify.com\/es-LA\/faq\/"]}]},{"@type":"WebSite","@id":"https:\/\/loudandclear.byspotify.com\/es-LA\/#website","url":"https:\/\/loudandclear.byspotify.com\/es-LA\/","name":"Loud and Clear Spanish","description":"Just another Loud and Clear Sites site","potentialAction":[{"@type":"SearchAction","target":{"@type":"EntryPoint","urlTemplate":"https:\/\/loudandclear.byspotify.com\/es-LA\/?s={search_term_string}"},"query-input":"required name=search_term_string"}],"inLanguage":"es-LA"}]}},"_links":{"self":[{"href":"https:\/\/loudandclear.byspotify.com\/es-LA\/wp-json\/wp\/v2\/pages\/172"}],"collection":[{"href":"https:\/\/loudandclear.byspotify.com\/es-LA\/wp-json\/wp\/v2\/pages"}],"about":[{"href":"https:\/\/loudandclear.byspotify.com\/es-LA\/wp-json\/wp\/v2\/types\/page"}],"author":[{"embeddable":true,"href":"https:\/\/loudandclear.byspotify.com\/es-LA\/wp-json\/wp\/v2\/users\/1"}],"replies":[{"embeddable":true,"href":"https:\/\/loudandclear.byspotify.com\/es-LA\/wp-json\/wp\/v2\/comments?post=172"}],"version-history":[{"count":2,"href":"https:\/\/loudandclear.byspotify.com\/es-LA\/wp-json\/wp\/v2\/pages\/172\/revisions"}],"predecessor-version":[{"id":414,"href":"https:\/\/loudandclear.byspotify.com\/es-LA\/wp-json\/wp\/v2\/pages\/172\/revisions\/414"}],"wp:attachment":[{"href":"https:\/\/loudandclear.byspotify.com\/es-LA\/wp-json\/wp\/v2\/media?parent=172"}],"curies":[{"name":"wp","href":"https:\/\/api.w.org\/{rel}","templated":true}]}}