{"id":5,"date":"2021-02-10T16:04:15","date_gmt":"2021-02-10T16:04:15","guid":{"rendered":"https:\/\/loudandclear.byspotify.com\/es-ES\/?page_id=5"},"modified":"2026-04-29T14:26:40","modified_gmt":"2026-04-29T14:26:40","slug":"sample-page-2","status":"publish","type":"page","link":"https:\/\/loudandclear.byspotify.com\/es-LA\/","title":{"rendered":"Inicio"},"content":{"rendered":"<h2>\u00a1Te escuchamos<br \/>\nfuerte y claro!<\/h2>\n<p><span style=\"font-weight: 400;\">Cuando se trata de la econom\u00eda de la m\u00fasica por streaming, los artistas merecen claridad. Este sitio tiene como objetivo aumentar la transparencia a trav\u00e9s de la publicaci\u00f3n de datos recientes de la econom\u00eda del streaming a nivel mundial y del an\u00e1lisis del sistema de regal\u00edas, de los actores involucrados y del proceso.<\/span><\/p>\n<p><span style=\"font-weight: 400;\">Los artistas quieren tener la oportunidad de vivir de su trabajo. Nosotros tambi\u00e9n queremos lo mismo. Aunque m\u00e1s artistas, como nunca antes, llegan al \u00e9xito a trav\u00e9s del streaming, todav\u00eda estamos lejos de lograr lo que queremos y continuaremos impulsando el crecimiento de la industria.<\/span><\/p>\n","protected":false},"excerpt":{"rendered":"<p>\u00a1Te escuchamos fuerte y claro! Cuando se trata de la econom\u00eda de la m\u00fasica por streaming, los artistas merecen claridad. Este sitio tiene como objetivo aumentar la transparencia a trav\u00e9s de la publicaci\u00f3n de datos recientes de la econom\u00eda del streaming a nivel mundial y del an\u00e1lisis del sistema de regal\u00edas, de los actores involucrados<a class=\"excerpt-read-more\" href=\"https:\/\/loudandclear.byspotify.com\/es-LA\/\" title=\"ReadInicio\">&#8230; Read more &raquo;<\/a><\/p>\n","protected":false},"author":1,"featured_media":1415,"parent":0,"menu_order":0,"comment_status":"closed","ping_status":"open","template":"template-home.php","meta":{"_acf_changed":false,"footnotes":""},"acf":[],"yoast_head":"<!-- This site is optimized with the Yoast SEO plugin v22.5 - https:\/\/yoast.com\/wordpress\/plugins\/seo\/ -->\n<title>Loud &amp; Clear<\/title>\n<meta name=\"description\" content=\"Nuevos datos sobre la econom\u00eda mundial del streaming musical: el sistema de regal\u00edas, las partes involucradas y el proceso.\" \/>\n<meta name=\"robots\" content=\"index, follow, max-snippet:-1, max-image-preview:large, max-video-preview:-1\" \/>\n<link rel=\"canonical\" href=\"https:\/\/loudandclear.byspotify.com\/es-LA\/\" \/>\n<meta property=\"og:locale\" content=\"es_LA\" \/>\n<meta property=\"og:type\" content=\"article\" \/>\n<meta property=\"og:title\" content=\"Loud and Clear por Spotify\" \/>\n<meta property=\"og:description\" content=\"Cuando se trata de la econom\u00eda de la m\u00fasica por streaming, los artistas merecen claridad. Este sitio tiene como objetivo aumentar la transparencia a trav\u00e9s de la publicaci\u00f3n de datos recientes de la econom\u00eda del streaming a nivel mundial y del an\u00e1lisis del sistema de regal\u00edas, de los actores involucrados y del proceso.\" \/>\n<meta property=\"og:url\" content=\"https:\/\/loudandclear.byspotify.com\/es-LA\/\" \/>\n<meta property=\"og:site_name\" content=\"Loud and Clear Spanish\" \/>\n<meta property=\"article:modified_time\" content=\"2026-04-29T14:26:40+00:00\" \/>\n<meta name=\"twitter:card\" content=\"summary_large_image\" \/>\n<meta name=\"twitter:title\" content=\"Loud and Clear por Spotify\" \/>\n<meta name=\"twitter:description\" content=\"Cuando se trata de la econom\u00eda de la m\u00fasica por streaming, los artistas merecen claridad. Este sitio tiene como objetivo aumentar la transparencia a trav\u00e9s de la publicaci\u00f3n de datos recientes de la econom\u00eda del streaming a nivel mundial y del an\u00e1lisis del sistema de regal\u00edas, de los actores involucrados y del proceso.\" \/>\n<meta name=\"twitter:label1\" content=\"Est. reading time\" \/>\n\t<meta name=\"twitter:data1\" content=\"1 minute\" \/>\n<script type=\"application\/ld+json\" class=\"yoast-schema-graph\">{\"@context\":\"https:\/\/schema.org\",\"@graph\":[{\"@type\":\"WebPage\",\"@id\":\"https:\/\/loudandclear.byspotify.com\/es-LA\/\",\"url\":\"https:\/\/loudandclear.byspotify.com\/es-LA\/\",\"name\":\"Loud & Clear\",\"isPartOf\":{\"@id\":\"https:\/\/loudandclear.byspotify.com\/es-LA\/#website\"},\"primaryImageOfPage\":{\"@id\":\"https:\/\/loudandclear.byspotify.com\/es-LA\/#primaryimage\"},\"image\":{\"@id\":\"https:\/\/loudandclear.byspotify.com\/es-LA\/#primaryimage\"},\"thumbnailUrl\":\"\",\"datePublished\":\"2021-02-10T16:04:15+00:00\",\"dateModified\":\"2026-04-29T14:26:40+00:00\",\"description\":\"Nuevos datos sobre la econom\u00eda mundial del streaming musical: el sistema de regal\u00edas, las partes involucradas y el proceso.\",\"inLanguage\":\"es-LA\",\"potentialAction\":[{\"@type\":\"ReadAction\",\"target\":[\"https:\/\/loudandclear.byspotify.com\/es-LA\/\"]}]},{\"@type\":\"ImageObject\",\"inLanguage\":\"es-LA\",\"@id\":\"https:\/\/loudandclear.byspotify.com\/es-LA\/#primaryimage\",\"url\":\"\",\"contentUrl\":\"\"},{\"@type\":\"WebSite\",\"@id\":\"https:\/\/loudandclear.byspotify.com\/es-LA\/#website\",\"url\":\"https:\/\/loudandclear.byspotify.com\/es-LA\/\",\"name\":\"Loud and Clear Spanish\",\"description\":\"Just another Loud and Clear Sites site\",\"potentialAction\":[{\"@type\":\"SearchAction\",\"target\":{\"@type\":\"EntryPoint\",\"urlTemplate\":\"https:\/\/loudandclear.byspotify.com\/es-LA\/?s={search_term_string}\"},\"query-input\":\"required name=search_term_string\"}],\"inLanguage\":\"es-LA\"}]}<\/script>\n<!-- \/ Yoast SEO plugin. -->","yoast_head_json":{"title":"Loud & Clear","description":"Nuevos datos sobre la econom\u00eda mundial del streaming musical: el sistema de regal\u00edas, las partes involucradas y el proceso.","robots":{"index":"index","follow":"follow","max-snippet":"max-snippet:-1","max-image-preview":"max-image-preview:large","max-video-preview":"max-video-preview:-1"},"canonical":"https:\/\/loudandclear.byspotify.com\/es-LA\/","og_locale":"es_LA","og_type":"article","og_title":"Loud and Clear por Spotify","og_description":"Cuando se trata de la econom\u00eda de la m\u00fasica por streaming, los artistas merecen claridad. Este sitio tiene como objetivo aumentar la transparencia a trav\u00e9s de la publicaci\u00f3n de datos recientes de la econom\u00eda del streaming a nivel mundial y del an\u00e1lisis del sistema de regal\u00edas, de los actores involucrados y del proceso.","og_url":"https:\/\/loudandclear.byspotify.com\/es-LA\/","og_site_name":"Loud and Clear Spanish","article_modified_time":"2026-04-29T14:26:40+00:00","twitter_card":"summary_large_image","twitter_title":"Loud and Clear por Spotify","twitter_description":"Cuando se trata de la econom\u00eda de la m\u00fasica por streaming, los artistas merecen claridad. Este sitio tiene como objetivo aumentar la transparencia a trav\u00e9s de la publicaci\u00f3n de datos recientes de la econom\u00eda del streaming a nivel mundial y del an\u00e1lisis del sistema de regal\u00edas, de los actores involucrados y del proceso.","twitter_misc":{"Est. reading time":"1 minute"},"schema":{"@context":"https:\/\/schema.org","@graph":[{"@type":"WebPage","@id":"https:\/\/loudandclear.byspotify.com\/es-LA\/","url":"https:\/\/loudandclear.byspotify.com\/es-LA\/","name":"Loud & Clear","isPartOf":{"@id":"https:\/\/loudandclear.byspotify.com\/es-LA\/#website"},"primaryImageOfPage":{"@id":"https:\/\/loudandclear.byspotify.com\/es-LA\/#primaryimage"},"image":{"@id":"https:\/\/loudandclear.byspotify.com\/es-LA\/#primaryimage"},"thumbnailUrl":"","datePublished":"2021-02-10T16:04:15+00:00","dateModified":"2026-04-29T14:26:40+00:00","description":"Nuevos datos sobre la econom\u00eda mundial del streaming musical: el sistema de regal\u00edas, las partes involucradas y el proceso.","inLanguage":"es-LA","potentialAction":[{"@type":"ReadAction","target":["https:\/\/loudandclear.byspotify.com\/es-LA\/"]}]},{"@type":"ImageObject","inLanguage":"es-LA","@id":"https:\/\/loudandclear.byspotify.com\/es-LA\/#primaryimage","url":"","contentUrl":""},{"@type":"WebSite","@id":"https:\/\/loudandclear.byspotify.com\/es-LA\/#website","url":"https:\/\/loudandclear.byspotify.com\/es-LA\/","name":"Loud and Clear Spanish","description":"Just another Loud and Clear Sites site","potentialAction":[{"@type":"SearchAction","target":{"@type":"EntryPoint","urlTemplate":"https:\/\/loudandclear.byspotify.com\/es-LA\/?s={search_term_string}"},"query-input":"required name=search_term_string"}],"inLanguage":"es-LA"}]}},"_links":{"self":[{"href":"https:\/\/loudandclear.byspotify.com\/es-LA\/wp-json\/wp\/v2\/pages\/5"}],"collection":[{"href":"https:\/\/loudandclear.byspotify.com\/es-LA\/wp-json\/wp\/v2\/pages"}],"about":[{"href":"https:\/\/loudandclear.byspotify.com\/es-LA\/wp-json\/wp\/v2\/types\/page"}],"author":[{"embeddable":true,"href":"https:\/\/loudandclear.byspotify.com\/es-LA\/wp-json\/wp\/v2\/users\/1"}],"replies":[{"embeddable":true,"href":"https:\/\/loudandclear.byspotify.com\/es-LA\/wp-json\/wp\/v2\/comments?post=5"}],"version-history":[{"count":37,"href":"https:\/\/loudandclear.byspotify.com\/es-LA\/wp-json\/wp\/v2\/pages\/5\/revisions"}],"predecessor-version":[{"id":566,"href":"https:\/\/loudandclear.byspotify.com\/es-LA\/wp-json\/wp\/v2\/pages\/5\/revisions\/566"}],"wp:featuredmedia":[{"embeddable":true,"href":"https:\/\/loudandclear.byspotify.com\/es-LA\/wp-json\/"}],"wp:attachment":[{"href":"https:\/\/loudandclear.byspotify.com\/es-LA\/wp-json\/wp\/v2\/media?parent=5"}],"curies":[{"name":"wp","href":"https:\/\/api.w.org\/{rel}","templated":true}]}}