{"id":12,"date":"2021-02-10T16:04:15","date_gmt":"2021-02-10T16:04:15","guid":{"rendered":"https:\/\/loudandclear.byspotify.com\/fr\/?page_id=12"},"modified":"2026-04-27T20:42:39","modified_gmt":"2026-04-27T20:42:39","slug":"sample-page","status":"publish","type":"page","link":"https:\/\/loudandclear.byspotify.com\/fr-FR\/","title":{"rendered":"Accueil"},"content":{"rendered":"<h2>Nous vous avons entendus.<\/h2>\n<p><span style=\"font-weight: 400;\">Les artistes m\u00e9ritent une meilleure visibilit\u00e9 sur le mod\u00e8le \u00e9conomique du streaming musical. Ce site vise \u00e0 renforcer la transparence en partageant des informations in\u00e9dites sur l&#8217;\u00e9conomie mondiale du streaming, son syst\u00e8me de paiement, ses acteurs et son fonctionnement.<\/span><\/p>\n<p><span style=\"font-weight: 400;\">Les artistes souhaitent vivre de leur travail, et c&#8217;est \u00e9galement notre volont\u00e9. Bien qu&#8217;ils soient plus nombreux que jamais \u00e0 conna\u00eetre le succ\u00e8s gr\u00e2ce au streaming, nous sommes encore loin d&#8217;avoir atteint notre objectif et nous allons poursuivre nos efforts pour faire cro\u00eetre l&#8217;industrie du streaming et les revenus qu&#8217;elle g\u00e9n\u00e8re pour les artistes.<\/span><\/p>\n","protected":false},"excerpt":{"rendered":"<p>Nous vous avons entendus. Les artistes m\u00e9ritent une meilleure visibilit\u00e9 sur le mod\u00e8le \u00e9conomique du streaming musical. Ce site vise \u00e0 renforcer la transparence en partageant des informations in\u00e9dites sur l&#8217;\u00e9conomie mondiale du streaming, son syst\u00e8me de paiement, ses acteurs et son fonctionnement. Les artistes souhaitent vivre de leur travail, et c&#8217;est \u00e9galement notre volont\u00e9.<a class=\"excerpt-read-more\" href=\"https:\/\/loudandclear.byspotify.com\/fr-FR\/\" title=\"ReadAccueil\">&#8230; Read more &raquo;<\/a><\/p>\n","protected":false},"author":1,"featured_media":1415,"parent":0,"menu_order":0,"comment_status":"closed","ping_status":"open","template":"template-home.php","meta":{"_acf_changed":false,"footnotes":""},"acf":[],"yoast_head":"<!-- This site is optimized with the Yoast SEO plugin v22.5 - https:\/\/yoast.com\/wordpress\/plugins\/seo\/ -->\n<title>Loud\u00a0&amp;\u00a0Clear<\/title>\n<meta name=\"description\" content=\"Informations in\u00e9dites sur l&#039;\u00e9conomie mondiale du streaming musical\u00a0: le syst\u00e8me de royalties, les parties prenantes et le processus.\" \/>\n<meta name=\"robots\" content=\"index, follow, max-snippet:-1, max-image-preview:large, max-video-preview:-1\" \/>\n<link rel=\"canonical\" href=\"https:\/\/loudandclear.byspotify.com\/fr-FR\/\" \/>\n<meta property=\"og:locale\" content=\"fr_FR\" \/>\n<meta property=\"og:type\" content=\"article\" \/>\n<meta property=\"og:title\" content=\"Loud&amp;Clear par Spotify\" \/>\n<meta property=\"og:description\" content=\"Les artistes m\u00e9ritent une meilleure visibilit\u00e9 sur les aspects financiers du streaming musical. Ce site vise \u00e0 renforcer la transparence en partageant des informations in\u00e9dites sur l&#039;\u00e9conomie mondiale du streaming et en expliquant le syst\u00e8me de royalties, les acteurs et le processus.\" \/>\n<meta property=\"og:url\" content=\"https:\/\/loudandclear.byspotify.com\/fr-FR\/\" \/>\n<meta property=\"og:site_name\" content=\"Loud and Clear French\" \/>\n<meta property=\"article:modified_time\" content=\"2026-04-27T20:42:39+00:00\" \/>\n<meta name=\"twitter:card\" content=\"summary_large_image\" \/>\n<meta name=\"twitter:title\" content=\"Loud&amp;Clear par Spotify\" \/>\n<meta name=\"twitter:description\" content=\"Les artistes m\u00e9ritent une meilleure visibilit\u00e9 sur les aspects financiers du streaming musical. Ce site vise \u00e0 renforcer la transparence en partageant des informations in\u00e9dites sur l&#039;\u00e9conomie mondiale du streaming et en expliquant le syst\u00e8me de royalties, les acteurs et le processus.\" \/>\n<meta name=\"twitter:label1\" content=\"Est. reading time\" \/>\n\t<meta name=\"twitter:data1\" content=\"1 minute\" \/>\n<script type=\"application\/ld+json\" class=\"yoast-schema-graph\">{\"@context\":\"https:\/\/schema.org\",\"@graph\":[{\"@type\":\"WebPage\",\"@id\":\"https:\/\/loudandclear.byspotify.com\/fr-FR\/\",\"url\":\"https:\/\/loudandclear.byspotify.com\/fr-FR\/\",\"name\":\"Loud\u00a0&\u00a0Clear\",\"isPartOf\":{\"@id\":\"https:\/\/loudandclear.byspotify.com\/fr-FR\/#website\"},\"primaryImageOfPage\":{\"@id\":\"https:\/\/loudandclear.byspotify.com\/fr-FR\/#primaryimage\"},\"image\":{\"@id\":\"https:\/\/loudandclear.byspotify.com\/fr-FR\/#primaryimage\"},\"thumbnailUrl\":\"\",\"datePublished\":\"2021-02-10T16:04:15+00:00\",\"dateModified\":\"2026-04-27T20:42:39+00:00\",\"description\":\"Informations in\u00e9dites sur l'\u00e9conomie mondiale du streaming musical\u00a0: le syst\u00e8me de royalties, les parties prenantes et le processus.\",\"inLanguage\":\"fr-FR\",\"potentialAction\":[{\"@type\":\"ReadAction\",\"target\":[\"https:\/\/loudandclear.byspotify.com\/fr-FR\/\"]}]},{\"@type\":\"ImageObject\",\"inLanguage\":\"fr-FR\",\"@id\":\"https:\/\/loudandclear.byspotify.com\/fr-FR\/#primaryimage\",\"url\":\"\",\"contentUrl\":\"\"},{\"@type\":\"WebSite\",\"@id\":\"https:\/\/loudandclear.byspotify.com\/fr-FR\/#website\",\"url\":\"https:\/\/loudandclear.byspotify.com\/fr-FR\/\",\"name\":\"Loud and Clear French\",\"description\":\"\",\"potentialAction\":[{\"@type\":\"SearchAction\",\"target\":{\"@type\":\"EntryPoint\",\"urlTemplate\":\"https:\/\/loudandclear.byspotify.com\/fr-FR\/?s={search_term_string}\"},\"query-input\":\"required name=search_term_string\"}],\"inLanguage\":\"fr-FR\"}]}<\/script>\n<!-- \/ Yoast SEO plugin. -->","yoast_head_json":{"title":"Loud\u00a0&\u00a0Clear","description":"Informations in\u00e9dites sur l'\u00e9conomie mondiale du streaming musical\u00a0: le syst\u00e8me de royalties, les parties prenantes et le processus.","robots":{"index":"index","follow":"follow","max-snippet":"max-snippet:-1","max-image-preview":"max-image-preview:large","max-video-preview":"max-video-preview:-1"},"canonical":"https:\/\/loudandclear.byspotify.com\/fr-FR\/","og_locale":"fr_FR","og_type":"article","og_title":"Loud&Clear par Spotify","og_description":"Les artistes m\u00e9ritent une meilleure visibilit\u00e9 sur les aspects financiers du streaming musical. Ce site vise \u00e0 renforcer la transparence en partageant des informations in\u00e9dites sur l'\u00e9conomie mondiale du streaming et en expliquant le syst\u00e8me de royalties, les acteurs et le processus.","og_url":"https:\/\/loudandclear.byspotify.com\/fr-FR\/","og_site_name":"Loud and Clear French","article_modified_time":"2026-04-27T20:42:39+00:00","twitter_card":"summary_large_image","twitter_title":"Loud&Clear par Spotify","twitter_description":"Les artistes m\u00e9ritent une meilleure visibilit\u00e9 sur les aspects financiers du streaming musical. Ce site vise \u00e0 renforcer la transparence en partageant des informations in\u00e9dites sur l'\u00e9conomie mondiale du streaming et en expliquant le syst\u00e8me de royalties, les acteurs et le processus.","twitter_misc":{"Est. reading time":"1 minute"},"schema":{"@context":"https:\/\/schema.org","@graph":[{"@type":"WebPage","@id":"https:\/\/loudandclear.byspotify.com\/fr-FR\/","url":"https:\/\/loudandclear.byspotify.com\/fr-FR\/","name":"Loud\u00a0&\u00a0Clear","isPartOf":{"@id":"https:\/\/loudandclear.byspotify.com\/fr-FR\/#website"},"primaryImageOfPage":{"@id":"https:\/\/loudandclear.byspotify.com\/fr-FR\/#primaryimage"},"image":{"@id":"https:\/\/loudandclear.byspotify.com\/fr-FR\/#primaryimage"},"thumbnailUrl":"","datePublished":"2021-02-10T16:04:15+00:00","dateModified":"2026-04-27T20:42:39+00:00","description":"Informations in\u00e9dites sur l'\u00e9conomie mondiale du streaming musical\u00a0: le syst\u00e8me de royalties, les parties prenantes et le processus.","inLanguage":"fr-FR","potentialAction":[{"@type":"ReadAction","target":["https:\/\/loudandclear.byspotify.com\/fr-FR\/"]}]},{"@type":"ImageObject","inLanguage":"fr-FR","@id":"https:\/\/loudandclear.byspotify.com\/fr-FR\/#primaryimage","url":"","contentUrl":""},{"@type":"WebSite","@id":"https:\/\/loudandclear.byspotify.com\/fr-FR\/#website","url":"https:\/\/loudandclear.byspotify.com\/fr-FR\/","name":"Loud and Clear French","description":"","potentialAction":[{"@type":"SearchAction","target":{"@type":"EntryPoint","urlTemplate":"https:\/\/loudandclear.byspotify.com\/fr-FR\/?s={search_term_string}"},"query-input":"required name=search_term_string"}],"inLanguage":"fr-FR"}]}},"_links":{"self":[{"href":"https:\/\/loudandclear.byspotify.com\/fr-FR\/wp-json\/wp\/v2\/pages\/12"}],"collection":[{"href":"https:\/\/loudandclear.byspotify.com\/fr-FR\/wp-json\/wp\/v2\/pages"}],"about":[{"href":"https:\/\/loudandclear.byspotify.com\/fr-FR\/wp-json\/wp\/v2\/types\/page"}],"author":[{"embeddable":true,"href":"https:\/\/loudandclear.byspotify.com\/fr-FR\/wp-json\/wp\/v2\/users\/1"}],"replies":[{"embeddable":true,"href":"https:\/\/loudandclear.byspotify.com\/fr-FR\/wp-json\/wp\/v2\/comments?post=12"}],"version-history":[{"count":40,"href":"https:\/\/loudandclear.byspotify.com\/fr-FR\/wp-json\/wp\/v2\/pages\/12\/revisions"}],"predecessor-version":[{"id":556,"href":"https:\/\/loudandclear.byspotify.com\/fr-FR\/wp-json\/wp\/v2\/pages\/12\/revisions\/556"}],"wp:featuredmedia":[{"embeddable":true,"href":"https:\/\/loudandclear.byspotify.com\/fr-FR\/wp-json\/"}],"wp:attachment":[{"href":"https:\/\/loudandclear.byspotify.com\/fr-FR\/wp-json\/wp\/v2\/media?parent=12"}],"curies":[{"name":"wp","href":"https:\/\/api.w.org\/{rel}","templated":true}]}}