{"id":192,"date":"2023-03-02T19:34:24","date_gmt":"2023-03-02T19:34:24","guid":{"rendered":"https:\/\/loudandclear.byspotify.com\/fr-FR\/?page_id=192"},"modified":"2026-04-07T21:36:48","modified_gmt":"2026-04-07T21:36:48","slug":"faq","status":"publish","type":"page","link":"https:\/\/loudandclear.byspotify.com\/fr-FR\/faq\/","title":{"rendered":"R\u00e9ponses \u00e0 vos questions"},"content":{"rendered":"<p>Vous avez s\u00fbrement de nombreuses questions sur l&#8217;\u00e9conomie du streaming musical, et nous voulons y r\u00e9pondre. Vous trouverez ici les informations que nous demandent le plus souvent les artistes. Nous continuerons de compl\u00e9ter cette liste au fur et \u00e0 mesure.<\/p>\n","protected":false},"excerpt":{"rendered":"<p>Vous avez s\u00fbrement de nombreuses questions sur l&#8217;\u00e9conomie du streaming musical, et nous voulons y r\u00e9pondre. Vous trouverez ici les informations que nous demandent le plus souvent les artistes. Nous continuerons de compl\u00e9ter cette liste au fur et \u00e0 mesure.<\/p>\n","protected":false},"author":1,"featured_media":0,"parent":0,"menu_order":0,"comment_status":"closed","ping_status":"closed","template":"template-faqs.php","meta":{"_acf_changed":false,"footnotes":""},"acf":[],"yoast_head":"<!-- This site is optimized with the Yoast SEO plugin v22.5 - https:\/\/yoast.com\/wordpress\/plugins\/seo\/ -->\n<title>R\u00e9ponses \u00e0 vos questions - Loud and Clear French<\/title>\n<meta name=\"robots\" content=\"index, follow, max-snippet:-1, max-image-preview:large, max-video-preview:-1\" \/>\n<link rel=\"canonical\" href=\"https:\/\/loudandclear.byspotify.com\/fr-FR\/faq\/\" \/>\n<meta property=\"og:locale\" content=\"fr_FR\" \/>\n<meta property=\"og:type\" content=\"article\" \/>\n<meta property=\"og:title\" content=\"R\u00e9ponses \u00e0 vos questions - Loud and Clear French\" \/>\n<meta property=\"og:description\" content=\"Vous avez s\u00fbrement de nombreuses questions sur l&#8217;\u00e9conomie du streaming musical, et nous voulons y r\u00e9pondre. Vous trouverez ici les informations que nous demandent le plus souvent les artistes. Nous continuerons de compl\u00e9ter cette liste au fur et \u00e0 mesure.\" \/>\n<meta property=\"og:url\" content=\"https:\/\/loudandclear.byspotify.com\/fr-FR\/faq\/\" \/>\n<meta property=\"og:site_name\" content=\"Loud and Clear French\" \/>\n<meta property=\"article:modified_time\" content=\"2026-04-07T21:36:48+00:00\" \/>\n<meta name=\"twitter:card\" content=\"summary_large_image\" \/>\n<meta name=\"twitter:label1\" content=\"Est. reading time\" \/>\n\t<meta name=\"twitter:data1\" content=\"1 minute\" \/>\n<script type=\"application\/ld+json\" class=\"yoast-schema-graph\">{\"@context\":\"https:\/\/schema.org\",\"@graph\":[{\"@type\":\"WebPage\",\"@id\":\"https:\/\/loudandclear.byspotify.com\/fr-FR\/faq\/\",\"url\":\"https:\/\/loudandclear.byspotify.com\/fr-FR\/faq\/\",\"name\":\"R\u00e9ponses \u00e0 vos questions - Loud and Clear French\",\"isPartOf\":{\"@id\":\"https:\/\/loudandclear.byspotify.com\/fr-FR\/#website\"},\"datePublished\":\"2023-03-02T19:34:24+00:00\",\"dateModified\":\"2026-04-07T21:36:48+00:00\",\"inLanguage\":\"fr-FR\",\"potentialAction\":[{\"@type\":\"ReadAction\",\"target\":[\"https:\/\/loudandclear.byspotify.com\/fr-FR\/faq\/\"]}]},{\"@type\":\"WebSite\",\"@id\":\"https:\/\/loudandclear.byspotify.com\/fr-FR\/#website\",\"url\":\"https:\/\/loudandclear.byspotify.com\/fr-FR\/\",\"name\":\"Loud and Clear French\",\"description\":\"\",\"potentialAction\":[{\"@type\":\"SearchAction\",\"target\":{\"@type\":\"EntryPoint\",\"urlTemplate\":\"https:\/\/loudandclear.byspotify.com\/fr-FR\/?s={search_term_string}\"},\"query-input\":\"required name=search_term_string\"}],\"inLanguage\":\"fr-FR\"}]}<\/script>\n<!-- \/ Yoast SEO plugin. -->","yoast_head_json":{"title":"R\u00e9ponses \u00e0 vos questions - Loud and Clear French","robots":{"index":"index","follow":"follow","max-snippet":"max-snippet:-1","max-image-preview":"max-image-preview:large","max-video-preview":"max-video-preview:-1"},"canonical":"https:\/\/loudandclear.byspotify.com\/fr-FR\/faq\/","og_locale":"fr_FR","og_type":"article","og_title":"R\u00e9ponses \u00e0 vos questions - Loud and Clear French","og_description":"Vous avez s\u00fbrement de nombreuses questions sur l&#8217;\u00e9conomie du streaming musical, et nous voulons y r\u00e9pondre. Vous trouverez ici les informations que nous demandent le plus souvent les artistes. Nous continuerons de compl\u00e9ter cette liste au fur et \u00e0 mesure.","og_url":"https:\/\/loudandclear.byspotify.com\/fr-FR\/faq\/","og_site_name":"Loud and Clear French","article_modified_time":"2026-04-07T21:36:48+00:00","twitter_card":"summary_large_image","twitter_misc":{"Est. reading time":"1 minute"},"schema":{"@context":"https:\/\/schema.org","@graph":[{"@type":"WebPage","@id":"https:\/\/loudandclear.byspotify.com\/fr-FR\/faq\/","url":"https:\/\/loudandclear.byspotify.com\/fr-FR\/faq\/","name":"R\u00e9ponses \u00e0 vos questions - Loud and Clear French","isPartOf":{"@id":"https:\/\/loudandclear.byspotify.com\/fr-FR\/#website"},"datePublished":"2023-03-02T19:34:24+00:00","dateModified":"2026-04-07T21:36:48+00:00","inLanguage":"fr-FR","potentialAction":[{"@type":"ReadAction","target":["https:\/\/loudandclear.byspotify.com\/fr-FR\/faq\/"]}]},{"@type":"WebSite","@id":"https:\/\/loudandclear.byspotify.com\/fr-FR\/#website","url":"https:\/\/loudandclear.byspotify.com\/fr-FR\/","name":"Loud and Clear French","description":"","potentialAction":[{"@type":"SearchAction","target":{"@type":"EntryPoint","urlTemplate":"https:\/\/loudandclear.byspotify.com\/fr-FR\/?s={search_term_string}"},"query-input":"required name=search_term_string"}],"inLanguage":"fr-FR"}]}},"_links":{"self":[{"href":"https:\/\/loudandclear.byspotify.com\/fr-FR\/wp-json\/wp\/v2\/pages\/192"}],"collection":[{"href":"https:\/\/loudandclear.byspotify.com\/fr-FR\/wp-json\/wp\/v2\/pages"}],"about":[{"href":"https:\/\/loudandclear.byspotify.com\/fr-FR\/wp-json\/wp\/v2\/types\/page"}],"author":[{"embeddable":true,"href":"https:\/\/loudandclear.byspotify.com\/fr-FR\/wp-json\/wp\/v2\/users\/1"}],"replies":[{"embeddable":true,"href":"https:\/\/loudandclear.byspotify.com\/fr-FR\/wp-json\/wp\/v2\/comments?post=192"}],"version-history":[{"count":2,"href":"https:\/\/loudandclear.byspotify.com\/fr-FR\/wp-json\/wp\/v2\/pages\/192\/revisions"}],"predecessor-version":[{"id":416,"href":"https:\/\/loudandclear.byspotify.com\/fr-FR\/wp-json\/wp\/v2\/pages\/192\/revisions\/416"}],"wp:attachment":[{"href":"https:\/\/loudandclear.byspotify.com\/fr-FR\/wp-json\/wp\/v2\/media?parent=192"}],"curies":[{"name":"wp","href":"https:\/\/api.w.org\/{rel}","templated":true}]}}