{"id":5,"date":"2021-02-10T16:04:15","date_gmt":"2021-02-10T16:04:15","guid":{"rendered":"https:\/\/loudandclear.byspotify.com\/pt-BR\/?page_id=5"},"modified":"2026-04-27T20:24:19","modified_gmt":"2026-04-27T20:24:19","slug":"sample-page-2","status":"publish","type":"page","link":"https:\/\/loudandclear.byspotify.com\/pt-BR\/","title":{"rendered":"In\u00edcio"},"content":{"rendered":"<h2>Suas d\u00favidas esclarecidas<br \/>\nno Loud&amp;Clear<\/h2>\n<p><span style=\"font-weight: 400;\">Os artistas merecem entender com clareza a economia do streaming de m\u00fasica. O objetivo deste site \u00e9 aumentar a transpar\u00eancia, com dados atualizados sobre a economia do streaming global, e explicar o sistema de royalties, os atores e o processo.<\/span><\/p>\n<p><span style=\"font-weight: 400;\">Os artistas querem ter a oportunidade de viver do pr\u00f3prio trabalho, e n\u00f3s queremos fazer isso acontecer. Hoje, mais artistas do que nunca est\u00e3o fazendo sucesso gra\u00e7as ao streaming, mas ainda temos um longo caminho pela frente. Vamos continuar trabalhando pra expandir a ind\u00fastria cada vez mais.<\/span><\/p>\n","protected":false},"excerpt":{"rendered":"<p>Suas d\u00favidas esclarecidas no Loud&amp;Clear Os artistas merecem entender com clareza a economia do streaming de m\u00fasica. O objetivo deste site \u00e9 aumentar a transpar\u00eancia, com dados atualizados sobre a economia do streaming global, e explicar o sistema de royalties, os atores e o processo. Os artistas querem ter a oportunidade de viver do pr\u00f3prio<a class=\"excerpt-read-more\" href=\"https:\/\/loudandclear.byspotify.com\/pt-BR\/\" title=\"ReadIn\u00edcio\">&#8230; Read more &raquo;<\/a><\/p>\n","protected":false},"author":1,"featured_media":1415,"parent":0,"menu_order":0,"comment_status":"closed","ping_status":"open","template":"template-home.php","meta":{"_acf_changed":false,"footnotes":""},"acf":[],"yoast_head":"<!-- This site is optimized with the Yoast SEO plugin v22.5 - https:\/\/yoast.com\/wordpress\/plugins\/seo\/ -->\n<title>Loud &amp; Clear<\/title>\n<meta name=\"description\" content=\"Novos dados sobre a economia do streaming global: o sistema de royalties, os atores e o processo.\" \/>\n<meta name=\"robots\" content=\"index, follow, max-snippet:-1, max-image-preview:large, max-video-preview:-1\" \/>\n<link rel=\"canonical\" href=\"https:\/\/loudandclear.byspotify.com\/pt-BR\/\" \/>\n<meta property=\"og:locale\" content=\"pt_BR\" \/>\n<meta property=\"og:type\" content=\"article\" \/>\n<meta property=\"og:title\" content=\"Loud and Clear, do Spotify\" \/>\n<meta property=\"og:description\" content=\"Os artistas merecem entender com clareza a economia do streaming de m\u00fasica. O objetivo deste site \u00e9 aumentar a transpar\u00eancia, compartilhando dados novos sobre a economia do streaming global, e explicar o sistema de royalties, os atores e o processo.\" \/>\n<meta property=\"og:url\" content=\"https:\/\/loudandclear.byspotify.com\/pt-BR\/\" \/>\n<meta property=\"og:site_name\" content=\"Loud and Clear Portuguese\" \/>\n<meta property=\"article:modified_time\" content=\"2026-04-27T20:24:19+00:00\" \/>\n<meta name=\"twitter:card\" content=\"summary_large_image\" \/>\n<meta name=\"twitter:title\" content=\"Loud and Clear, do Spotify\" \/>\n<meta name=\"twitter:description\" content=\"Os artistas merecem entender com clareza a economia do streaming de m\u00fasica. O objetivo deste site \u00e9 aumentar a transpar\u00eancia, compartilhando dados novos sobre a economia do streaming global, e explicar o sistema de royalties, os atores e o processo.\" \/>\n<meta name=\"twitter:label1\" content=\"Est. reading time\" \/>\n\t<meta name=\"twitter:data1\" content=\"1 minute\" \/>\n<script type=\"application\/ld+json\" class=\"yoast-schema-graph\">{\"@context\":\"https:\/\/schema.org\",\"@graph\":[{\"@type\":\"WebPage\",\"@id\":\"https:\/\/loudandclear.byspotify.com\/pt-BR\/\",\"url\":\"https:\/\/loudandclear.byspotify.com\/pt-BR\/\",\"name\":\"Loud & Clear\",\"isPartOf\":{\"@id\":\"https:\/\/loudandclear.byspotify.com\/pt-BR\/#website\"},\"primaryImageOfPage\":{\"@id\":\"https:\/\/loudandclear.byspotify.com\/pt-BR\/#primaryimage\"},\"image\":{\"@id\":\"https:\/\/loudandclear.byspotify.com\/pt-BR\/#primaryimage\"},\"thumbnailUrl\":\"\",\"datePublished\":\"2021-02-10T16:04:15+00:00\",\"dateModified\":\"2026-04-27T20:24:19+00:00\",\"description\":\"Novos dados sobre a economia do streaming global: o sistema de royalties, os atores e o processo.\",\"inLanguage\":\"pt-BR\",\"potentialAction\":[{\"@type\":\"ReadAction\",\"target\":[\"https:\/\/loudandclear.byspotify.com\/pt-BR\/\"]}]},{\"@type\":\"ImageObject\",\"inLanguage\":\"pt-BR\",\"@id\":\"https:\/\/loudandclear.byspotify.com\/pt-BR\/#primaryimage\",\"url\":\"\",\"contentUrl\":\"\"},{\"@type\":\"WebSite\",\"@id\":\"https:\/\/loudandclear.byspotify.com\/pt-BR\/#website\",\"url\":\"https:\/\/loudandclear.byspotify.com\/pt-BR\/\",\"name\":\"Loud and Clear Portuguese\",\"description\":\"Just another Loud and Clear Sites site\",\"potentialAction\":[{\"@type\":\"SearchAction\",\"target\":{\"@type\":\"EntryPoint\",\"urlTemplate\":\"https:\/\/loudandclear.byspotify.com\/pt-BR\/?s={search_term_string}\"},\"query-input\":\"required name=search_term_string\"}],\"inLanguage\":\"pt-BR\"}]}<\/script>\n<!-- \/ Yoast SEO plugin. -->","yoast_head_json":{"title":"Loud & Clear","description":"Novos dados sobre a economia do streaming global: o sistema de royalties, os atores e o processo.","robots":{"index":"index","follow":"follow","max-snippet":"max-snippet:-1","max-image-preview":"max-image-preview:large","max-video-preview":"max-video-preview:-1"},"canonical":"https:\/\/loudandclear.byspotify.com\/pt-BR\/","og_locale":"pt_BR","og_type":"article","og_title":"Loud and Clear, do Spotify","og_description":"Os artistas merecem entender com clareza a economia do streaming de m\u00fasica. O objetivo deste site \u00e9 aumentar a transpar\u00eancia, compartilhando dados novos sobre a economia do streaming global, e explicar o sistema de royalties, os atores e o processo.","og_url":"https:\/\/loudandclear.byspotify.com\/pt-BR\/","og_site_name":"Loud and Clear Portuguese","article_modified_time":"2026-04-27T20:24:19+00:00","twitter_card":"summary_large_image","twitter_title":"Loud and Clear, do Spotify","twitter_description":"Os artistas merecem entender com clareza a economia do streaming de m\u00fasica. O objetivo deste site \u00e9 aumentar a transpar\u00eancia, compartilhando dados novos sobre a economia do streaming global, e explicar o sistema de royalties, os atores e o processo.","twitter_misc":{"Est. reading time":"1 minute"},"schema":{"@context":"https:\/\/schema.org","@graph":[{"@type":"WebPage","@id":"https:\/\/loudandclear.byspotify.com\/pt-BR\/","url":"https:\/\/loudandclear.byspotify.com\/pt-BR\/","name":"Loud & Clear","isPartOf":{"@id":"https:\/\/loudandclear.byspotify.com\/pt-BR\/#website"},"primaryImageOfPage":{"@id":"https:\/\/loudandclear.byspotify.com\/pt-BR\/#primaryimage"},"image":{"@id":"https:\/\/loudandclear.byspotify.com\/pt-BR\/#primaryimage"},"thumbnailUrl":"","datePublished":"2021-02-10T16:04:15+00:00","dateModified":"2026-04-27T20:24:19+00:00","description":"Novos dados sobre a economia do streaming global: o sistema de royalties, os atores e o processo.","inLanguage":"pt-BR","potentialAction":[{"@type":"ReadAction","target":["https:\/\/loudandclear.byspotify.com\/pt-BR\/"]}]},{"@type":"ImageObject","inLanguage":"pt-BR","@id":"https:\/\/loudandclear.byspotify.com\/pt-BR\/#primaryimage","url":"","contentUrl":""},{"@type":"WebSite","@id":"https:\/\/loudandclear.byspotify.com\/pt-BR\/#website","url":"https:\/\/loudandclear.byspotify.com\/pt-BR\/","name":"Loud and Clear Portuguese","description":"Just another Loud and Clear Sites site","potentialAction":[{"@type":"SearchAction","target":{"@type":"EntryPoint","urlTemplate":"https:\/\/loudandclear.byspotify.com\/pt-BR\/?s={search_term_string}"},"query-input":"required name=search_term_string"}],"inLanguage":"pt-BR"}]}},"_links":{"self":[{"href":"https:\/\/loudandclear.byspotify.com\/pt-BR\/wp-json\/wp\/v2\/pages\/5"}],"collection":[{"href":"https:\/\/loudandclear.byspotify.com\/pt-BR\/wp-json\/wp\/v2\/pages"}],"about":[{"href":"https:\/\/loudandclear.byspotify.com\/pt-BR\/wp-json\/wp\/v2\/types\/page"}],"author":[{"embeddable":true,"href":"https:\/\/loudandclear.byspotify.com\/pt-BR\/wp-json\/wp\/v2\/users\/1"}],"replies":[{"embeddable":true,"href":"https:\/\/loudandclear.byspotify.com\/pt-BR\/wp-json\/wp\/v2\/comments?post=5"}],"version-history":[{"count":43,"href":"https:\/\/loudandclear.byspotify.com\/pt-BR\/wp-json\/wp\/v2\/pages\/5\/revisions"}],"predecessor-version":[{"id":573,"href":"https:\/\/loudandclear.byspotify.com\/pt-BR\/wp-json\/wp\/v2\/pages\/5\/revisions\/573"}],"wp:featuredmedia":[{"embeddable":true,"href":"https:\/\/loudandclear.byspotify.com\/pt-BR\/wp-json\/"}],"wp:attachment":[{"href":"https:\/\/loudandclear.byspotify.com\/pt-BR\/wp-json\/wp\/v2\/media?parent=5"}],"curies":[{"name":"wp","href":"https:\/\/api.w.org\/{rel}","templated":true}]}}