{"id":7,"date":"2021-02-17T20:22:47","date_gmt":"2021-02-17T20:22:47","guid":{"rendered":"https:\/\/loudandclear.byspotify.com\/pt-BR\/?page_id=7"},"modified":"2026-04-03T17:38:40","modified_gmt":"2026-04-03T17:38:40","slug":"additional-resources","status":"publish","type":"page","link":"https:\/\/loudandclear.byspotify.com\/pt-BR\/additional-resources\/","title":{"rendered":"Recursos adicionais"},"content":{"rendered":"<p>Aprenda ainda mais com outros recursos \u00fateis sobre stream de m\u00fasica com laborat\u00f3rios de ideias, acad\u00eamicos, economistas e grupos do setor, al\u00e9m da nossa equipe do Spotify for Artists.<\/p>\n","protected":false},"excerpt":{"rendered":"<p>Aprenda ainda mais com outros recursos \u00fateis sobre stream de m\u00fasica com laborat\u00f3rios de ideias, acad\u00eamicos, economistas e grupos do setor, al\u00e9m da nossa equipe do Spotify for Artists.<\/p>\n","protected":false},"author":1,"featured_media":0,"parent":0,"menu_order":0,"comment_status":"closed","ping_status":"closed","template":"template-resources-landing.php","meta":{"_acf_changed":false,"footnotes":""},"acf":[],"yoast_head":"<!-- This site is optimized with the Yoast SEO plugin v22.5 - https:\/\/yoast.com\/wordpress\/plugins\/seo\/ -->\n<title>Recursos adicionais - Loud and Clear Portuguese<\/title>\n<meta name=\"robots\" content=\"index, follow, max-snippet:-1, max-image-preview:large, max-video-preview:-1\" \/>\n<link rel=\"canonical\" href=\"https:\/\/loudandclear.byspotify.com\/pt-BR\/additional-resources\/\" \/>\n<meta property=\"og:locale\" content=\"pt_BR\" \/>\n<meta property=\"og:type\" content=\"article\" \/>\n<meta property=\"og:title\" content=\"Recursos adicionais - Loud and Clear Portuguese\" \/>\n<meta property=\"og:description\" content=\"Aprenda ainda mais com outros recursos \u00fateis sobre stream de m\u00fasica com laborat\u00f3rios de ideias, acad\u00eamicos, economistas e grupos do setor, al\u00e9m da nossa equipe do Spotify for Artists.\" \/>\n<meta property=\"og:url\" content=\"https:\/\/loudandclear.byspotify.com\/pt-BR\/additional-resources\/\" \/>\n<meta property=\"og:site_name\" content=\"Loud and Clear Portuguese\" \/>\n<meta property=\"article:modified_time\" content=\"2026-04-03T17:38:40+00:00\" \/>\n<meta name=\"twitter:card\" content=\"summary_large_image\" \/>\n<meta name=\"twitter:label1\" content=\"Est. reading time\" \/>\n\t<meta name=\"twitter:data1\" content=\"1 minute\" \/>\n<script type=\"application\/ld+json\" class=\"yoast-schema-graph\">{\"@context\":\"https:\/\/schema.org\",\"@graph\":[{\"@type\":\"WebPage\",\"@id\":\"https:\/\/loudandclear.byspotify.com\/pt-BR\/additional-resources\/\",\"url\":\"https:\/\/loudandclear.byspotify.com\/pt-BR\/additional-resources\/\",\"name\":\"Recursos adicionais - Loud and Clear Portuguese\",\"isPartOf\":{\"@id\":\"https:\/\/loudandclear.byspotify.com\/pt-BR\/#website\"},\"datePublished\":\"2021-02-17T20:22:47+00:00\",\"dateModified\":\"2026-04-03T17:38:40+00:00\",\"inLanguage\":\"pt-BR\",\"potentialAction\":[{\"@type\":\"ReadAction\",\"target\":[\"https:\/\/loudandclear.byspotify.com\/pt-BR\/additional-resources\/\"]}]},{\"@type\":\"WebSite\",\"@id\":\"https:\/\/loudandclear.byspotify.com\/pt-BR\/#website\",\"url\":\"https:\/\/loudandclear.byspotify.com\/pt-BR\/\",\"name\":\"Loud and Clear Portuguese\",\"description\":\"Just another Loud and Clear Sites site\",\"potentialAction\":[{\"@type\":\"SearchAction\",\"target\":{\"@type\":\"EntryPoint\",\"urlTemplate\":\"https:\/\/loudandclear.byspotify.com\/pt-BR\/?s={search_term_string}\"},\"query-input\":\"required name=search_term_string\"}],\"inLanguage\":\"pt-BR\"}]}<\/script>\n<!-- \/ Yoast SEO plugin. -->","yoast_head_json":{"title":"Recursos adicionais - Loud and Clear Portuguese","robots":{"index":"index","follow":"follow","max-snippet":"max-snippet:-1","max-image-preview":"max-image-preview:large","max-video-preview":"max-video-preview:-1"},"canonical":"https:\/\/loudandclear.byspotify.com\/pt-BR\/additional-resources\/","og_locale":"pt_BR","og_type":"article","og_title":"Recursos adicionais - Loud and Clear Portuguese","og_description":"Aprenda ainda mais com outros recursos \u00fateis sobre stream de m\u00fasica com laborat\u00f3rios de ideias, acad\u00eamicos, economistas e grupos do setor, al\u00e9m da nossa equipe do Spotify for Artists.","og_url":"https:\/\/loudandclear.byspotify.com\/pt-BR\/additional-resources\/","og_site_name":"Loud and Clear Portuguese","article_modified_time":"2026-04-03T17:38:40+00:00","twitter_card":"summary_large_image","twitter_misc":{"Est. reading time":"1 minute"},"schema":{"@context":"https:\/\/schema.org","@graph":[{"@type":"WebPage","@id":"https:\/\/loudandclear.byspotify.com\/pt-BR\/additional-resources\/","url":"https:\/\/loudandclear.byspotify.com\/pt-BR\/additional-resources\/","name":"Recursos adicionais - Loud and Clear Portuguese","isPartOf":{"@id":"https:\/\/loudandclear.byspotify.com\/pt-BR\/#website"},"datePublished":"2021-02-17T20:22:47+00:00","dateModified":"2026-04-03T17:38:40+00:00","inLanguage":"pt-BR","potentialAction":[{"@type":"ReadAction","target":["https:\/\/loudandclear.byspotify.com\/pt-BR\/additional-resources\/"]}]},{"@type":"WebSite","@id":"https:\/\/loudandclear.byspotify.com\/pt-BR\/#website","url":"https:\/\/loudandclear.byspotify.com\/pt-BR\/","name":"Loud and Clear Portuguese","description":"Just another Loud and Clear Sites site","potentialAction":[{"@type":"SearchAction","target":{"@type":"EntryPoint","urlTemplate":"https:\/\/loudandclear.byspotify.com\/pt-BR\/?s={search_term_string}"},"query-input":"required name=search_term_string"}],"inLanguage":"pt-BR"}]}},"_links":{"self":[{"href":"https:\/\/loudandclear.byspotify.com\/pt-BR\/wp-json\/wp\/v2\/pages\/7"}],"collection":[{"href":"https:\/\/loudandclear.byspotify.com\/pt-BR\/wp-json\/wp\/v2\/pages"}],"about":[{"href":"https:\/\/loudandclear.byspotify.com\/pt-BR\/wp-json\/wp\/v2\/types\/page"}],"author":[{"embeddable":true,"href":"https:\/\/loudandclear.byspotify.com\/pt-BR\/wp-json\/wp\/v2\/users\/1"}],"replies":[{"embeddable":true,"href":"https:\/\/loudandclear.byspotify.com\/pt-BR\/wp-json\/wp\/v2\/comments?post=7"}],"version-history":[{"count":6,"href":"https:\/\/loudandclear.byspotify.com\/pt-BR\/wp-json\/wp\/v2\/pages\/7\/revisions"}],"predecessor-version":[{"id":434,"href":"https:\/\/loudandclear.byspotify.com\/pt-BR\/wp-json\/wp\/v2\/pages\/7\/revisions\/434"}],"wp:attachment":[{"href":"https:\/\/loudandclear.byspotify.com\/pt-BR\/wp-json\/wp\/v2\/media?parent=7"}],"curies":[{"name":"wp","href":"https:\/\/api.w.org\/{rel}","templated":true}]}}